{"id":1875,"date":"2024-03-15T20:47:08","date_gmt":"2024-03-15T19:47:08","guid":{"rendered":"https:\/\/cafemozaika.pl\/?page_id=1875"},"modified":"2024-04-22T16:38:05","modified_gmt":"2024-04-22T15:38:05","slug":"na-wynos","status":"publish","type":"page","link":"https:\/\/cafemozaika.pl\/?page_id=1875","title":{"rendered":"Mozaika na wynos"},"content":{"rendered":"\t\t<div data-elementor-type=\"wp-page\" data-elementor-id=\"1875\" class=\"elementor elementor-1875\">\n\t\t\t\t\t\t<section class=\"elementor-section elementor-top-section elementor-element elementor-element-3455074 elementor-section-height-min-height elementor-section-content-middle elementor-reverse-mobile elementor-section-stretched elementor-section-boxed elementor-section-height-default elementor-section-items-middle\" data-id=\"3455074\" data-element_type=\"section\" data-settings=\"{&quot;background_background&quot;:&quot;none&quot;,&quot;animation&quot;:&quot;none&quot;,&quot;stretch_section&quot;:&quot;section-stretched&quot;,&quot;animation_mobile&quot;:&quot;none&quot;}\">\n\t\t\t\t\t\t<div class=\"elementor-container elementor-column-gap-default\">\n\t\t\t\t\t<div class=\"elementor-column elementor-col-50 elementor-top-column elementor-element elementor-element-00b2770\" data-id=\"00b2770\" data-element_type=\"column\" data-settings=\"{&quot;animation&quot;:&quot;none&quot;,&quot;animation_mobile&quot;:&quot;none&quot;}\">\n\t\t\t<div class=\"elementor-widget-wrap elementor-element-populated\">\n\t\t\t\t\t\t<div class=\"elementor-element elementor-element-a91f093 animated-slow elementor-invisible elementor-widget elementor-widget-image\" data-id=\"a91f093\" data-element_type=\"widget\" data-settings=\"{&quot;_animation&quot;:&quot;fadeIn&quot;,&quot;_animation_mobile&quot;:&quot;fadeIn&quot;}\" data-widget_type=\"image.default\">\n\t\t\t\t<div class=\"elementor-widget-container\">\n\t\t\t\t\t\t\t\t\t\t\t\t\t<img fetchpriority=\"high\" decoding=\"async\" width=\"3401\" height=\"4772\" src=\"https:\/\/cafemozaika.pl\/wp-content\/uploads\/2024\/04\/embargo.pdf.png\" class=\"attachment-full size-full wp-image-1903\" alt=\"\" srcset=\"https:\/\/cafemozaika.pl\/wp-content\/uploads\/2024\/04\/embargo.pdf.png 3401w, https:\/\/cafemozaika.pl\/wp-content\/uploads\/2024\/04\/embargo.pdf-214x300.png 214w, https:\/\/cafemozaika.pl\/wp-content\/uploads\/2024\/04\/embargo.pdf-730x1024.png 730w, https:\/\/cafemozaika.pl\/wp-content\/uploads\/2024\/04\/embargo.pdf-768x1078.png 768w, https:\/\/cafemozaika.pl\/wp-content\/uploads\/2024\/04\/embargo.pdf-1095x1536.png 1095w, https:\/\/cafemozaika.pl\/wp-content\/uploads\/2024\/04\/embargo.pdf-1460x2048.png 1460w\" sizes=\"(max-width: 3401px) 100vw, 3401px\" \/>\t\t\t\t\t\t\t\t\t\t\t\t\t<\/div>\n\t\t\t\t<\/div>\n\t\t\t\t\t<\/div>\n\t\t<\/div>\n\t\t\t\t<div class=\"elementor-column elementor-col-50 elementor-top-column elementor-element elementor-element-0cf6114\" data-id=\"0cf6114\" data-element_type=\"column\" data-settings=\"{&quot;animation&quot;:&quot;none&quot;,&quot;animation_mobile&quot;:&quot;none&quot;}\">\n\t\t\t<div class=\"elementor-widget-wrap elementor-element-populated\">\n\t\t\t\t\t\t<div class=\"elementor-element elementor-element-6f9eb19 animated-slow elementor-widget-divider--view-line elementor-invisible elementor-widget elementor-widget-divider\" data-id=\"6f9eb19\" data-element_type=\"widget\" data-settings=\"{&quot;_animation&quot;:&quot;fadeIn&quot;,&quot;_animation_mobile&quot;:&quot;fadeIn&quot;}\" data-widget_type=\"divider.default\">\n\t\t\t\t<div class=\"elementor-widget-container\">\n\t\t\t\t\t<div class=\"elementor-divider\">\n\t\t\t<span class=\"elementor-divider-separator\">\n\t\t\t\t\t\t<\/span>\n\t\t<\/div>\n\t\t\t\t<\/div>\n\t\t\t\t<\/div>\n\t\t\t\t<div class=\"elementor-element elementor-element-b1c0dba animated-slow elementor-invisible elementor-widget elementor-widget-heading\" data-id=\"b1c0dba\" data-element_type=\"widget\" data-settings=\"{&quot;_animation&quot;:&quot;fadeIn&quot;,&quot;_animation_mobile&quot;:&quot;fadeIn&quot;}\" data-widget_type=\"heading.default\">\n\t\t\t\t<div class=\"elementor-widget-container\">\n\t\t\t<h3 class=\"elementor-heading-title elementor-size-large\">MOZAIKA NA WYNOS<\/h3>\t\t<\/div>\n\t\t\t\t<\/div>\n\t\t\t\t<div class=\"elementor-element elementor-element-fde6f5d animated-slow elementor-invisible elementor-widget elementor-widget-text-editor\" data-id=\"fde6f5d\" data-element_type=\"widget\" data-settings=\"{&quot;_animation_mobile&quot;:&quot;fadeIn&quot;,&quot;_animation&quot;:&quot;fadeIn&quot;}\" data-widget_type=\"text-editor.default\">\n\t\t\t\t<div class=\"elementor-widget-container\">\n\t\t\t\t\t\t\t<p><span class=\"x3nfvp2 x1j61x8r x1fcty0u xdj266r xhhsvwb xat24cr xgzva0m xxymvpz xlup9mm x1kky2od\"><img decoding=\"async\" class=\"xz74otr\" src=\"https:\/\/static.xx.fbcdn.net\/images\/emoji.php\/v9\/tb0\/1.5\/16\/1f4f1.png\" alt=\"\ud83d\udcf1\" width=\"16\" height=\"16\" \/><\/span><span class=\"x3nfvp2 x1j61x8r x1fcty0u xdj266r xhhsvwb xat24cr xgzva0m xxymvpz xlup9mm x1kky2od\"><img decoding=\"async\" class=\"xz74otr\" src=\"https:\/\/static.xx.fbcdn.net\/images\/emoji.php\/v9\/tf1\/1.5\/16\/1f37d.png\" alt=\"\ud83c\udf7d\ufe0f\" width=\"16\" height=\"16\" \/><\/span> Zamawiaj wygodnie przez aplikacj\u0119 mobiln\u0105 EMBARGO! <span class=\"x3nfvp2 x1j61x8r x1fcty0u xdj266r xhhsvwb xat24cr xgzva0m xxymvpz xlup9mm x1kky2od\"><img loading=\"lazy\" decoding=\"async\" class=\"xz74otr\" src=\"https:\/\/static.xx.fbcdn.net\/images\/emoji.php\/v9\/t39\/1.5\/16\/1f31f.png\" alt=\"\ud83c\udf1f\" width=\"16\" height=\"16\" \/><\/span> Czy wiesz, \u017ce teraz mo\u017cesz zam\u00f3wi\u0107 nasze pyszne dania bez wychodzenia z domu? <span class=\"x3nfvp2 x1j61x8r x1fcty0u xdj266r xhhsvwb xat24cr xgzva0m xxymvpz xlup9mm x1kky2od\"><img loading=\"lazy\" decoding=\"async\" class=\"xz74otr\" src=\"https:\/\/static.xx.fbcdn.net\/images\/emoji.php\/v9\/tb0\/1.5\/16\/1f609.png\" alt=\"\ud83d\ude09\" width=\"16\" height=\"16\" \/><\/span> Wystarczy, \u017ce skorzystasz z wygodnej aplikacji, a mo\u017cesz wybra\u0107 dostaw\u0119 do domu lub skorzysta\u0107 z opcji odbioru osobistego w restauracji. <span class=\"x3nfvp2 x1j61x8r x1fcty0u xdj266r xhhsvwb xat24cr xgzva0m xxymvpz xlup9mm x1kky2od\"><img loading=\"lazy\" decoding=\"async\" class=\"xz74otr\" src=\"https:\/\/static.xx.fbcdn.net\/images\/emoji.php\/v9\/t45\/1.5\/16\/1f697.png\" alt=\"\ud83d\ude97\" width=\"16\" height=\"16\" \/><\/span><span class=\"x3nfvp2 x1j61x8r x1fcty0u xdj266r xhhsvwb xat24cr xgzva0m xxymvpz xlup9mm x1kky2od\"><img loading=\"lazy\" decoding=\"async\" class=\"xz74otr\" src=\"https:\/\/static.xx.fbcdn.net\/images\/emoji.php\/v9\/t1c\/1.5\/16\/1f4a8.png\" alt=\"\ud83d\udca8\" width=\"16\" height=\"16\" \/><\/span> Nie ma nic prostszego ni\u017c cieszenie si\u0119 ulubionymi potrawami z naszego menu, gdziekolwiek jeste\u015b! Od tradycyjnych da\u0144, po nasze specjalne oferty lunchowe &#8211; mamy co\u015b dla ka\u017cdego! Nie czekaj d\u0142u\u017cej, zam\u00f3w ju\u017c teraz i delektuj si\u0119 smakiem naszych potraw! <span class=\"x3nfvp2 x1j61x8r x1fcty0u xdj266r xhhsvwb xat24cr xgzva0m xxymvpz xlup9mm x1kky2od\"><img loading=\"lazy\" decoding=\"async\" class=\"xz74otr\" src=\"https:\/\/static.xx.fbcdn.net\/images\/emoji.php\/v9\/t4\/1.5\/16\/1f355.png\" alt=\"\ud83c\udf55\" width=\"16\" height=\"16\" \/><\/span><span class=\"x3nfvp2 x1j61x8r x1fcty0u xdj266r xhhsvwb xat24cr xgzva0m xxymvpz xlup9mm x1kky2od\"><img loading=\"lazy\" decoding=\"async\" class=\"xz74otr\" src=\"https:\/\/static.xx.fbcdn.net\/images\/emoji.php\/v9\/t8c\/1.5\/16\/1f957.png\" alt=\"\ud83e\udd57\" width=\"16\" height=\"16\" \/><\/span>Ka\u017cde 5 zam\u00f3wienie za 35 PLN to darmowa dostawa, ka\u017cde 10 to extra kasa dla was do wydania w aplikacji lub w restauracji.<\/p>\t\t\t\t\t\t<\/div>\n\t\t\t\t<\/div>\n\t\t\t\t\t<\/div>\n\t\t<\/div>\n\t\t\t\t\t<\/div>\n\t\t<\/section>\n\t\t\t\t<section class=\"elementor-section elementor-top-section elementor-element elementor-element-182ffbf elementor-section-boxed elementor-section-height-default elementor-section-height-default\" data-id=\"182ffbf\" data-element_type=\"section\">\n\t\t\t\t\t\t<div class=\"elementor-container elementor-column-gap-default\">\n\t\t\t\t\t<div class=\"elementor-column elementor-col-50 elementor-top-column elementor-element elementor-element-81b0ad3\" data-id=\"81b0ad3\" data-element_type=\"column\">\n\t\t\t<div class=\"elementor-widget-wrap elementor-element-populated\">\n\t\t\t\t\t\t<div class=\"elementor-element elementor-element-4375f06 elementor-align-center elementor-button-warning elementor-mobile-align-center animated-slow elementor-widget-mobile__width-inherit elementor-invisible elementor-widget elementor-widget-button\" data-id=\"4375f06\" data-element_type=\"widget\" data-settings=\"{&quot;_animation&quot;:&quot;fadeIn&quot;,&quot;_animation_mobile&quot;:&quot;fadeIn&quot;,&quot;_animation_delay&quot;:1000}\" data-widget_type=\"button.default\">\n\t\t\t\t<div class=\"elementor-widget-container\">\n\t\t\t\t\t<div class=\"elementor-button-wrapper\">\n\t\t\t<a class=\"elementor-button elementor-button-link elementor-size-lg elementor-animation-grow\" href=\"https:\/\/play.google.com\/store\/apps\/details?id=com.embargoapp.app\">\n\t\t\t\t\t\t<span class=\"elementor-button-content-wrapper\">\n\t\t\t\t\t\t\t\t\t<span class=\"elementor-button-text\">Zainstaluj na android<\/span>\n\t\t\t\t\t<\/span>\n\t\t\t\t\t<\/a>\n\t\t<\/div>\n\t\t\t\t<\/div>\n\t\t\t\t<\/div>\n\t\t\t\t\t<\/div>\n\t\t<\/div>\n\t\t\t\t<div class=\"elementor-column elementor-col-50 elementor-top-column elementor-element elementor-element-3956b52\" data-id=\"3956b52\" data-element_type=\"column\">\n\t\t\t<div class=\"elementor-widget-wrap elementor-element-populated\">\n\t\t\t\t\t\t<div class=\"elementor-element elementor-element-f6e376e elementor-align-center elementor-button-warning elementor-mobile-align-center animated-slow elementor-widget-mobile__width-inherit elementor-invisible elementor-widget elementor-widget-button\" data-id=\"f6e376e\" data-element_type=\"widget\" data-settings=\"{&quot;_animation&quot;:&quot;fadeIn&quot;,&quot;_animation_mobile&quot;:&quot;fadeIn&quot;,&quot;_animation_delay&quot;:1000}\" data-widget_type=\"button.default\">\n\t\t\t\t<div class=\"elementor-widget-container\">\n\t\t\t\t\t<div class=\"elementor-button-wrapper\">\n\t\t\t<a class=\"elementor-button elementor-button-link elementor-size-lg elementor-animation-grow\" href=\"https:\/\/apps.apple.com\/pl\/app\/embargo-loyalty-rewards\/id1205758388\">\n\t\t\t\t\t\t<span class=\"elementor-button-content-wrapper\">\n\t\t\t\t\t\t\t\t\t<span class=\"elementor-button-text\">Zainstaluj na ios<\/span>\n\t\t\t\t\t<\/span>\n\t\t\t\t\t<\/a>\n\t\t<\/div>\n\t\t\t\t<\/div>\n\t\t\t\t<\/div>\n\t\t\t\t\t<\/div>\n\t\t<\/div>\n\t\t\t\t\t<\/div>\n\t\t<\/section>\n\t\t\t\t<\/div>\n\t\t","protected":false},"excerpt":{"rendered":"<p>MOZAIKA NA WYNOS Zamawiaj wygodnie przez aplikacj\u0119 mobiln\u0105 EMBARGO! Czy wiesz, \u017ce teraz mo\u017cesz zam\u00f3wi\u0107 nasze pyszne dania bez wychodzenia z domu? Wystarczy, \u017ce skorzystasz z wygodnej aplikacji, a mo\u017cesz wybra\u0107 dostaw\u0119 do domu lub skorzysta\u0107 z opcji odbioru osobistego w restauracji. Nie ma nic prostszego ni\u017c cieszenie si\u0119 ulubionymi potrawami z naszego menu, gdziekolwiek [&hellip;]<\/p>\n","protected":false},"author":1,"featured_media":0,"parent":0,"menu_order":0,"comment_status":"closed","ping_status":"closed","template":"","meta":{"ocean_post_layout":"","ocean_both_sidebars_style":"","ocean_both_sidebars_content_width":0,"ocean_both_sidebars_sidebars_width":0,"ocean_sidebar":"","ocean_second_sidebar":"","ocean_disable_margins":"enable","ocean_add_body_class":"","ocean_shortcode_before_top_bar":"","ocean_shortcode_after_top_bar":"","ocean_shortcode_before_header":"","ocean_shortcode_after_header":"","ocean_has_shortcode":"","ocean_shortcode_after_title":"","ocean_shortcode_before_footer_widgets":"","ocean_shortcode_after_footer_widgets":"","ocean_shortcode_before_footer_bottom":"","ocean_shortcode_after_footer_bottom":"","ocean_display_top_bar":"default","ocean_display_header":"default","ocean_header_style":"","ocean_center_header_left_menu":"","ocean_custom_header_template":"","ocean_custom_logo":0,"ocean_custom_retina_logo":0,"ocean_custom_logo_max_width":0,"ocean_custom_logo_tablet_max_width":0,"ocean_custom_logo_mobile_max_width":0,"ocean_custom_logo_max_height":0,"ocean_custom_logo_tablet_max_height":0,"ocean_custom_logo_mobile_max_height":0,"ocean_header_custom_menu":"","ocean_menu_typo_font_family":"","ocean_menu_typo_font_subset":"","ocean_menu_typo_font_size":0,"ocean_menu_typo_font_size_tablet":0,"ocean_menu_typo_font_size_mobile":0,"ocean_menu_typo_font_size_unit":"px","ocean_menu_typo_font_weight":"","ocean_menu_typo_font_weight_tablet":"","ocean_menu_typo_font_weight_mobile":"","ocean_menu_typo_transform":"","ocean_menu_typo_transform_tablet":"","ocean_menu_typo_transform_mobile":"","ocean_menu_typo_line_height":0,"ocean_menu_typo_line_height_tablet":0,"ocean_menu_typo_line_height_mobile":0,"ocean_menu_typo_line_height_unit":"","ocean_menu_typo_spacing":0,"ocean_menu_typo_spacing_tablet":0,"ocean_menu_typo_spacing_mobile":0,"ocean_menu_typo_spacing_unit":"","ocean_menu_link_color":"","ocean_menu_link_color_hover":"","ocean_menu_link_color_active":"","ocean_menu_link_background":"","ocean_menu_link_hover_background":"","ocean_menu_link_active_background":"","ocean_menu_social_links_bg":"","ocean_menu_social_hover_links_bg":"","ocean_menu_social_links_color":"","ocean_menu_social_hover_links_color":"","ocean_disable_title":"default","ocean_disable_heading":"default","ocean_post_title":"","ocean_post_subheading":"","ocean_post_title_style":"","ocean_post_title_background_color":"","ocean_post_title_background":0,"ocean_post_title_bg_image_position":"","ocean_post_title_bg_image_attachment":"","ocean_post_title_bg_image_repeat":"","ocean_post_title_bg_image_size":"","ocean_post_title_height":0,"ocean_post_title_bg_overlay":0.5,"ocean_post_title_bg_overlay_color":"","ocean_disable_breadcrumbs":"default","ocean_breadcrumbs_color":"","ocean_breadcrumbs_separator_color":"","ocean_breadcrumbs_links_color":"","ocean_breadcrumbs_links_hover_color":"","ocean_display_footer_widgets":"default","ocean_display_footer_bottom":"default","ocean_custom_footer_template":"","footnotes":""},"class_list":["post-1875","page","type-page","status-publish","hentry","entry"],"yoast_head":"<!-- This site is optimized with the Yoast SEO plugin v21.7 - https:\/\/yoast.com\/wordpress\/plugins\/seo\/ -->\n<title>Mozaika na wynos<\/title>\n<meta name=\"robots\" content=\"index, follow, max-snippet:-1, max-image-preview:large, max-video-preview:-1\" \/>\n<link rel=\"canonical\" href=\"https:\/\/cafemozaika.pl\/?page_id=1875\" \/>\n<meta property=\"og:locale\" content=\"pl_PL\" \/>\n<meta property=\"og:type\" content=\"article\" \/>\n<meta property=\"og:title\" content=\"Mozaika na wynos\" \/>\n<meta property=\"og:description\" content=\"MOZAIKA NA WYNOS Zamawiaj wygodnie przez aplikacj\u0119 mobiln\u0105 EMBARGO! Czy wiesz, \u017ce teraz mo\u017cesz zam\u00f3wi\u0107 nasze pyszne dania bez wychodzenia z domu? Wystarczy, \u017ce skorzystasz z wygodnej aplikacji, a mo\u017cesz wybra\u0107 dostaw\u0119 do domu lub skorzysta\u0107 z opcji odbioru osobistego w restauracji. Nie ma nic prostszego ni\u017c cieszenie si\u0119 ulubionymi potrawami z naszego menu, gdziekolwiek [&hellip;]\" \/>\n<meta property=\"og:url\" content=\"https:\/\/cafemozaika.pl\/?page_id=1875\" \/>\n<meta property=\"og:site_name\" content=\"Mozaika\" \/>\n<meta property=\"article:publisher\" content=\"https:\/\/www.facebook.com\/cafemozaika\/\" \/>\n<meta property=\"article:modified_time\" content=\"2024-04-22T15:38:05+00:00\" \/>\n<meta property=\"og:image\" content=\"https:\/\/cafemozaika.pl\/wp-content\/uploads\/2024\/04\/embargo.pdf.png\" \/>\n<meta name=\"twitter:card\" content=\"summary_large_image\" \/>\n<meta name=\"twitter:label1\" content=\"Szacowany czas czytania\" \/>\n\t<meta name=\"twitter:data1\" content=\"3 minuty\" \/>\n<script type=\"application\/ld+json\" class=\"yoast-schema-graph\">{\"@context\":\"https:\/\/schema.org\",\"@graph\":[{\"@type\":\"WebPage\",\"@id\":\"https:\/\/cafemozaika.pl\/?page_id=1875\",\"url\":\"https:\/\/cafemozaika.pl\/?page_id=1875\",\"name\":\"Mozaika na wynos\",\"isPartOf\":{\"@id\":\"https:\/\/cafemozaika.pl\/#website\"},\"datePublished\":\"2024-03-15T19:47:08+00:00\",\"dateModified\":\"2024-04-22T15:38:05+00:00\",\"breadcrumb\":{\"@id\":\"https:\/\/cafemozaika.pl\/?page_id=1875#breadcrumb\"},\"inLanguage\":\"pl-PL\",\"potentialAction\":[{\"@type\":\"ReadAction\",\"target\":[\"https:\/\/cafemozaika.pl\/?page_id=1875\"]}]},{\"@type\":\"BreadcrumbList\",\"@id\":\"https:\/\/cafemozaika.pl\/?page_id=1875#breadcrumb\",\"itemListElement\":[{\"@type\":\"ListItem\",\"position\":1,\"name\":\"Strona g\u0142\u00f3wna\",\"item\":\"https:\/\/cafemozaika.pl\/\"},{\"@type\":\"ListItem\",\"position\":2,\"name\":\"Mozaika na wynos\"}]},{\"@type\":\"WebSite\",\"@id\":\"https:\/\/cafemozaika.pl\/#website\",\"url\":\"https:\/\/cafemozaika.pl\/\",\"name\":\"Caf\u00e9 Mozaika\",\"description\":\"\u0141\u0104CZYMY POKOLENIA\",\"publisher\":{\"@id\":\"https:\/\/cafemozaika.pl\/#organization\"},\"potentialAction\":[{\"@type\":\"SearchAction\",\"target\":{\"@type\":\"EntryPoint\",\"urlTemplate\":\"https:\/\/cafemozaika.pl\/?s={search_term_string}\"},\"query-input\":\"required name=search_term_string\"}],\"inLanguage\":\"pl-PL\"},{\"@type\":\"Organization\",\"@id\":\"https:\/\/cafemozaika.pl\/#organization\",\"name\":\"Caf\u00e9 Mozaika\",\"url\":\"https:\/\/cafemozaika.pl\/\",\"logo\":{\"@type\":\"ImageObject\",\"inLanguage\":\"pl-PL\",\"@id\":\"https:\/\/cafemozaika.pl\/#\/schema\/logo\/image\/\",\"url\":\"https:\/\/cafemozaika.pl\/wp-content\/uploads\/2020\/08\/cropped-JP1_1test441-2.png\",\"contentUrl\":\"https:\/\/cafemozaika.pl\/wp-content\/uploads\/2020\/08\/cropped-JP1_1test441-2.png\",\"width\":1873,\"height\":329,\"caption\":\"Caf\u00e9 Mozaika\"},\"image\":{\"@id\":\"https:\/\/cafemozaika.pl\/#\/schema\/logo\/image\/\"},\"sameAs\":[\"https:\/\/www.facebook.com\/cafemozaika\/\",\"https:\/\/www.instagram.com\/cafemozaika\/\"]}]}<\/script>\n<!-- \/ Yoast SEO plugin. -->","yoast_head_json":{"title":"Mozaika na wynos","robots":{"index":"index","follow":"follow","max-snippet":"max-snippet:-1","max-image-preview":"max-image-preview:large","max-video-preview":"max-video-preview:-1"},"canonical":"https:\/\/cafemozaika.pl\/?page_id=1875","og_locale":"pl_PL","og_type":"article","og_title":"Mozaika na wynos","og_description":"MOZAIKA NA WYNOS Zamawiaj wygodnie przez aplikacj\u0119 mobiln\u0105 EMBARGO! Czy wiesz, \u017ce teraz mo\u017cesz zam\u00f3wi\u0107 nasze pyszne dania bez wychodzenia z domu? Wystarczy, \u017ce skorzystasz z wygodnej aplikacji, a mo\u017cesz wybra\u0107 dostaw\u0119 do domu lub skorzysta\u0107 z opcji odbioru osobistego w restauracji. Nie ma nic prostszego ni\u017c cieszenie si\u0119 ulubionymi potrawami z naszego menu, gdziekolwiek [&hellip;]","og_url":"https:\/\/cafemozaika.pl\/?page_id=1875","og_site_name":"Mozaika","article_publisher":"https:\/\/www.facebook.com\/cafemozaika\/","article_modified_time":"2024-04-22T15:38:05+00:00","og_image":[{"url":"https:\/\/cafemozaika.pl\/wp-content\/uploads\/2024\/04\/embargo.pdf.png"}],"twitter_card":"summary_large_image","twitter_misc":{"Szacowany czas czytania":"3 minuty"},"schema":{"@context":"https:\/\/schema.org","@graph":[{"@type":"WebPage","@id":"https:\/\/cafemozaika.pl\/?page_id=1875","url":"https:\/\/cafemozaika.pl\/?page_id=1875","name":"Mozaika na wynos","isPartOf":{"@id":"https:\/\/cafemozaika.pl\/#website"},"datePublished":"2024-03-15T19:47:08+00:00","dateModified":"2024-04-22T15:38:05+00:00","breadcrumb":{"@id":"https:\/\/cafemozaika.pl\/?page_id=1875#breadcrumb"},"inLanguage":"pl-PL","potentialAction":[{"@type":"ReadAction","target":["https:\/\/cafemozaika.pl\/?page_id=1875"]}]},{"@type":"BreadcrumbList","@id":"https:\/\/cafemozaika.pl\/?page_id=1875#breadcrumb","itemListElement":[{"@type":"ListItem","position":1,"name":"Strona g\u0142\u00f3wna","item":"https:\/\/cafemozaika.pl\/"},{"@type":"ListItem","position":2,"name":"Mozaika na wynos"}]},{"@type":"WebSite","@id":"https:\/\/cafemozaika.pl\/#website","url":"https:\/\/cafemozaika.pl\/","name":"Caf\u00e9 Mozaika","description":"\u0141\u0104CZYMY POKOLENIA","publisher":{"@id":"https:\/\/cafemozaika.pl\/#organization"},"potentialAction":[{"@type":"SearchAction","target":{"@type":"EntryPoint","urlTemplate":"https:\/\/cafemozaika.pl\/?s={search_term_string}"},"query-input":"required name=search_term_string"}],"inLanguage":"pl-PL"},{"@type":"Organization","@id":"https:\/\/cafemozaika.pl\/#organization","name":"Caf\u00e9 Mozaika","url":"https:\/\/cafemozaika.pl\/","logo":{"@type":"ImageObject","inLanguage":"pl-PL","@id":"https:\/\/cafemozaika.pl\/#\/schema\/logo\/image\/","url":"https:\/\/cafemozaika.pl\/wp-content\/uploads\/2020\/08\/cropped-JP1_1test441-2.png","contentUrl":"https:\/\/cafemozaika.pl\/wp-content\/uploads\/2020\/08\/cropped-JP1_1test441-2.png","width":1873,"height":329,"caption":"Caf\u00e9 Mozaika"},"image":{"@id":"https:\/\/cafemozaika.pl\/#\/schema\/logo\/image\/"},"sameAs":["https:\/\/www.facebook.com\/cafemozaika\/","https:\/\/www.instagram.com\/cafemozaika\/"]}]}},"_links":{"self":[{"href":"https:\/\/cafemozaika.pl\/index.php?rest_route=\/wp\/v2\/pages\/1875","targetHints":{"allow":["GET"]}}],"collection":[{"href":"https:\/\/cafemozaika.pl\/index.php?rest_route=\/wp\/v2\/pages"}],"about":[{"href":"https:\/\/cafemozaika.pl\/index.php?rest_route=\/wp\/v2\/types\/page"}],"author":[{"embeddable":true,"href":"https:\/\/cafemozaika.pl\/index.php?rest_route=\/wp\/v2\/users\/1"}],"replies":[{"embeddable":true,"href":"https:\/\/cafemozaika.pl\/index.php?rest_route=%2Fwp%2Fv2%2Fcomments&post=1875"}],"version-history":[{"count":14,"href":"https:\/\/cafemozaika.pl\/index.php?rest_route=\/wp\/v2\/pages\/1875\/revisions"}],"predecessor-version":[{"id":1907,"href":"https:\/\/cafemozaika.pl\/index.php?rest_route=\/wp\/v2\/pages\/1875\/revisions\/1907"}],"wp:attachment":[{"href":"https:\/\/cafemozaika.pl\/index.php?rest_route=%2Fwp%2Fv2%2Fmedia&parent=1875"}],"curies":[{"name":"wp","href":"https:\/\/api.w.org\/{rel}","templated":true}]}}